{"id":463,"date":"2024-01-12T14:57:55","date_gmt":"2024-01-12T13:57:55","guid":{"rendered":"https:\/\/www.actenergy.fr\/terms-of-use\/"},"modified":"2025-01-29T10:43:09","modified_gmt":"2025-01-29T09:43:09","slug":"terms-of-use","status":"publish","type":"page","link":"https:\/\/www.actenergy.fr\/en\/terms-of-use\/","title":{"rendered":"Terms of use"},"content":{"rendered":"<h1>Terms of use<\/h1>\n<p>&nbsp;<\/p>\n<h2>Edited for Actenergy<\/h2>\n<p>Actenergy Manager : Axel CARRET 6 RUE LOUIS BOTINELLY 13127 VITROLLES Legal form: Soci\u00e9t\u00e9 par actions simplifi\u00e9e<br \/>\nSIRET: 94906217800023<br \/>\nSIREN: 949062178<br \/>\nRCS number: Salon B 949 062 178<br \/>\nMain activity: Engineering, technical studies (7112B)<\/p>\n<p>&nbsp;<\/p>\n<h2>Design<\/h2>\n<p>Photo credits: Actenergy, Adobe Stock, Pexels, Unsplash, Freepik.<\/p>\n<p>&nbsp;<\/p>\n<h2>Hosting<\/h2>\n<p>Site hosted by OVH SAS OVH SAS<br \/>\n140, quai du Sartel<br \/>\n59100 Roubaix<\/p>\n<p>&nbsp;<\/p>\n<h2>Intellectual property<\/h2>\n<p>The user undertakes not to reproduce, summarize, modify, alter or redistribute any text, title, application, logo, brand, information or illustration without the publisher&#8217;s express prior authorization, other than for strictly private use, which excludes any representation for professional purposes or mass redistribution. Similarly, the user undertakes not to copy all or part of the site or an internal company network. <\/p>\n<p>&nbsp;<\/p>\n<h2>Site content<\/h2>\n<p>The site, texts, images, sounds, photos, graphics, downloadable files and more generally all objects contained in the site are the exclusive property of Actenergy and\/or the authors mentioned. This site and its components constitute works protected by French legislation and international conventions on copyright and intellectual property. Reproduction of the site or its individual components is prohibited without the express prior authorization of the publication director. For any authorized reproduction or quotation, the name of the author and the source must be mentioned. Personal data and right of rectification In accordance with the French Data Protection Act no. 78-17 of January 6, 1978, you have the right to access, modify, rectify or delete your personal data by contacting : <\/p>\n<p>&nbsp;<\/p>\n<h2>Actenergy<\/h2>\n<p>6 RUE LOUIS BOTINELLY 13127 VITROLLES Mail: contact@actenergy.fr<\/p>\n","protected":false},"excerpt":{"rendered":"<p>Terms of use &nbsp; Edited for Actenergy Actenergy Manager : Axel CARRET 6 RUE LOUIS BOTINELLY 13127 VITROLLES Legal form: Soci\u00e9t\u00e9 par actions simplifi\u00e9e SIRET: 94906217800023 SIREN: 949062178 RCS number: Salon B 949 062 178 Main activity: Engineering, technical studies (7112B) &nbsp; Design Photo credits: Actenergy, Adobe Stock, Pexels, Unsplash, Freepik. &nbsp; Hosting Site hosted [&hellip;]<\/p>\n","protected":false},"author":1,"featured_media":0,"parent":0,"menu_order":0,"comment_status":"closed","ping_status":"closed","template":"template-parts\/mentions.php","meta":{"footnotes":""},"class_list":["post-463","page","type-page","status-publish","hentry"],"acf":[],"yoast_head":"<!-- This site is optimized with the Yoast SEO plugin v21.8 - https:\/\/yoast.com\/wordpress\/plugins\/seo\/ -->\n<title>Terms of use - Actenergy<\/title>\n<meta name=\"robots\" content=\"index, follow, max-snippet:-1, max-image-preview:large, max-video-preview:-1\" \/>\n<link rel=\"canonical\" href=\"https:\/\/www.actenergy.fr\/en\/terms-of-use\/\" \/>\n<meta property=\"og:locale\" content=\"en_US\" \/>\n<meta property=\"og:type\" content=\"article\" \/>\n<meta property=\"og:title\" content=\"Terms of use - Actenergy\" \/>\n<meta property=\"og:description\" content=\"Terms of use &nbsp; Edited for Actenergy Actenergy Manager : Axel CARRET 6 RUE LOUIS BOTINELLY 13127 VITROLLES Legal form: Soci\u00e9t\u00e9 par actions simplifi\u00e9e SIRET: 94906217800023 SIREN: 949062178 RCS number: Salon B 949 062 178 Main activity: Engineering, technical studies (7112B) &nbsp; Design Photo credits: Actenergy, Adobe Stock, Pexels, Unsplash, Freepik. &nbsp; Hosting Site hosted [&hellip;]\" \/>\n<meta property=\"og:url\" content=\"https:\/\/www.actenergy.fr\/en\/terms-of-use\/\" \/>\n<meta property=\"og:site_name\" content=\"Actenergy\" \/>\n<meta property=\"article:modified_time\" content=\"2025-01-29T09:43:09+00:00\" \/>\n<meta name=\"twitter:card\" content=\"summary_large_image\" \/>\n<meta name=\"twitter:label1\" content=\"Est. reading time\" \/>\n\t<meta name=\"twitter:data1\" content=\"1 minute\" \/>\n<script type=\"application\/ld+json\" class=\"yoast-schema-graph\">{\"@context\":\"https:\/\/schema.org\",\"@graph\":[{\"@type\":\"WebPage\",\"@id\":\"https:\/\/www.actenergy.fr\/en\/terms-of-use\/\",\"url\":\"https:\/\/www.actenergy.fr\/en\/terms-of-use\/\",\"name\":\"Terms of use - Actenergy\",\"isPartOf\":{\"@id\":\"https:\/\/www.actenergy.fr\/en\/#website\"},\"datePublished\":\"2024-01-12T13:57:55+00:00\",\"dateModified\":\"2025-01-29T09:43:09+00:00\",\"breadcrumb\":{\"@id\":\"https:\/\/www.actenergy.fr\/en\/terms-of-use\/#breadcrumb\"},\"inLanguage\":\"en-US\",\"potentialAction\":[{\"@type\":\"ReadAction\",\"target\":[\"https:\/\/www.actenergy.fr\/en\/terms-of-use\/\"]}]},{\"@type\":\"BreadcrumbList\",\"@id\":\"https:\/\/www.actenergy.fr\/en\/terms-of-use\/#breadcrumb\",\"itemListElement\":[{\"@type\":\"ListItem\",\"position\":1,\"name\":\"Accueil\",\"item\":\"https:\/\/www.actenergy.fr\/en\/home\/\"},{\"@type\":\"ListItem\",\"position\":2,\"name\":\"Terms of use\"}]},{\"@type\":\"WebSite\",\"@id\":\"https:\/\/www.actenergy.fr\/en\/#website\",\"url\":\"https:\/\/www.actenergy.fr\/en\/\",\"name\":\"Actenergy\",\"description\":\"\",\"publisher\":{\"@id\":\"https:\/\/www.actenergy.fr\/en\/#organization\"},\"potentialAction\":[{\"@type\":\"SearchAction\",\"target\":{\"@type\":\"EntryPoint\",\"urlTemplate\":\"https:\/\/www.actenergy.fr\/en\/?s={search_term_string}\"},\"query-input\":\"required name=search_term_string\"}],\"inLanguage\":\"en-US\"},{\"@type\":\"Organization\",\"@id\":\"https:\/\/www.actenergy.fr\/en\/#organization\",\"name\":\"Actenergy\",\"url\":\"https:\/\/www.actenergy.fr\/en\/\",\"logo\":{\"@type\":\"ImageObject\",\"inLanguage\":\"en-US\",\"@id\":\"https:\/\/www.actenergy.fr\/en\/#\/schema\/logo\/image\/\",\"url\":\"https:\/\/www.actenergy.fr\/wp-content\/uploads\/2024\/01\/logo-actenergy.svg\",\"contentUrl\":\"https:\/\/www.actenergy.fr\/wp-content\/uploads\/2024\/01\/logo-actenergy.svg\",\"width\":249,\"height\":50,\"caption\":\"Actenergy\"},\"image\":{\"@id\":\"https:\/\/www.actenergy.fr\/en\/#\/schema\/logo\/image\/\"}}]}<\/script>\n<!-- \/ Yoast SEO plugin. -->","yoast_head_json":{"title":"Terms of use - Actenergy","robots":{"index":"index","follow":"follow","max-snippet":"max-snippet:-1","max-image-preview":"max-image-preview:large","max-video-preview":"max-video-preview:-1"},"canonical":"https:\/\/www.actenergy.fr\/en\/terms-of-use\/","og_locale":"en_US","og_type":"article","og_title":"Terms of use - Actenergy","og_description":"Terms of use &nbsp; Edited for Actenergy Actenergy Manager : Axel CARRET 6 RUE LOUIS BOTINELLY 13127 VITROLLES Legal form: Soci\u00e9t\u00e9 par actions simplifi\u00e9e SIRET: 94906217800023 SIREN: 949062178 RCS number: Salon B 949 062 178 Main activity: Engineering, technical studies (7112B) &nbsp; Design Photo credits: Actenergy, Adobe Stock, Pexels, Unsplash, Freepik. &nbsp; Hosting Site hosted [&hellip;]","og_url":"https:\/\/www.actenergy.fr\/en\/terms-of-use\/","og_site_name":"Actenergy","article_modified_time":"2025-01-29T09:43:09+00:00","twitter_card":"summary_large_image","twitter_misc":{"Est. reading time":"1 minute"},"schema":{"@context":"https:\/\/schema.org","@graph":[{"@type":"WebPage","@id":"https:\/\/www.actenergy.fr\/en\/terms-of-use\/","url":"https:\/\/www.actenergy.fr\/en\/terms-of-use\/","name":"Terms of use - Actenergy","isPartOf":{"@id":"https:\/\/www.actenergy.fr\/en\/#website"},"datePublished":"2024-01-12T13:57:55+00:00","dateModified":"2025-01-29T09:43:09+00:00","breadcrumb":{"@id":"https:\/\/www.actenergy.fr\/en\/terms-of-use\/#breadcrumb"},"inLanguage":"en-US","potentialAction":[{"@type":"ReadAction","target":["https:\/\/www.actenergy.fr\/en\/terms-of-use\/"]}]},{"@type":"BreadcrumbList","@id":"https:\/\/www.actenergy.fr\/en\/terms-of-use\/#breadcrumb","itemListElement":[{"@type":"ListItem","position":1,"name":"Accueil","item":"https:\/\/www.actenergy.fr\/en\/home\/"},{"@type":"ListItem","position":2,"name":"Terms of use"}]},{"@type":"WebSite","@id":"https:\/\/www.actenergy.fr\/en\/#website","url":"https:\/\/www.actenergy.fr\/en\/","name":"Actenergy","description":"","publisher":{"@id":"https:\/\/www.actenergy.fr\/en\/#organization"},"potentialAction":[{"@type":"SearchAction","target":{"@type":"EntryPoint","urlTemplate":"https:\/\/www.actenergy.fr\/en\/?s={search_term_string}"},"query-input":"required name=search_term_string"}],"inLanguage":"en-US"},{"@type":"Organization","@id":"https:\/\/www.actenergy.fr\/en\/#organization","name":"Actenergy","url":"https:\/\/www.actenergy.fr\/en\/","logo":{"@type":"ImageObject","inLanguage":"en-US","@id":"https:\/\/www.actenergy.fr\/en\/#\/schema\/logo\/image\/","url":"https:\/\/www.actenergy.fr\/wp-content\/uploads\/2024\/01\/logo-actenergy.svg","contentUrl":"https:\/\/www.actenergy.fr\/wp-content\/uploads\/2024\/01\/logo-actenergy.svg","width":249,"height":50,"caption":"Actenergy"},"image":{"@id":"https:\/\/www.actenergy.fr\/en\/#\/schema\/logo\/image\/"}}]}},"_links":{"self":[{"href":"https:\/\/www.actenergy.fr\/en\/wp-json\/wp\/v2\/pages\/463","targetHints":{"allow":["GET"]}}],"collection":[{"href":"https:\/\/www.actenergy.fr\/en\/wp-json\/wp\/v2\/pages"}],"about":[{"href":"https:\/\/www.actenergy.fr\/en\/wp-json\/wp\/v2\/types\/page"}],"author":[{"embeddable":true,"href":"https:\/\/www.actenergy.fr\/en\/wp-json\/wp\/v2\/users\/1"}],"replies":[{"embeddable":true,"href":"https:\/\/www.actenergy.fr\/en\/wp-json\/wp\/v2\/comments?post=463"}],"version-history":[{"count":2,"href":"https:\/\/www.actenergy.fr\/en\/wp-json\/wp\/v2\/pages\/463\/revisions"}],"predecessor-version":[{"id":537,"href":"https:\/\/www.actenergy.fr\/en\/wp-json\/wp\/v2\/pages\/463\/revisions\/537"}],"wp:attachment":[{"href":"https:\/\/www.actenergy.fr\/en\/wp-json\/wp\/v2\/media?parent=463"}],"curies":[{"name":"wp","href":"https:\/\/api.w.org\/{rel}","templated":true}]}}